{"id":172,"date":"2017-02-17T13:23:17","date_gmt":"2017-02-17T12:23:17","guid":{"rendered":"http:\/\/btblogistics.pl\/?page_id=172"},"modified":"2018-02-12T09:36:51","modified_gmt":"2018-02-12T08:36:51","slug":"oferta-offer","status":"publish","type":"page","link":"https:\/\/btblogistics.pl\/?page_id=172","title":{"rendered":"Oferta \/ Services"},"content":{"rendered":"<p>TRANSPORT KRAJOWY, TRANSPORT MI\u0118DZYNARODOWY<\/p>\n<p>W BTB LOGISTICS staramy si\u0119 by\u0107 Twoim jednym miejscem, w kt\u00f3rym zaspokoimy potrzeby organizacji przewozu. Bez wzgl\u0119du na to jaki rodzaj transportu szukasz, znajdziemy dla Ciebie najbardziej efektywny i ekonomiczny spos\u00f3b dostawy towaru dla Twojego klienta.<br \/>\nJeste\u015b zainteresowany(-a) us\u0142ugami BTB LOGISTICS na pr\u00f3b\u0119? Czekamy na to! Dzi\u0119ki naszemu do\u015bwiadczeniu i wiedzy poczujesz jakby\u015b sam(-a) posiada\u0142(-a) sw\u00f3j w\u0142asny zesp\u00f3\u0142 logistyczny w zasi\u0119gu r\u0119ki.<\/p>\n<p>Zobacz jakie korzy\u015bci uzyskasz wsp\u00f3\u0142pracuj\u0105c z BTB LOGISTICS:<\/p>\n<ul>\n<li>jedna osoba do kontaktu, kt\u00f3ra zawsze b\u0119dzie gotowa Ci pom\u00f3c. Nie ma potrzeby, \u017ceby\u015b musia\u0142(-a) rozmawia\u0107 z kilkoma osobami, tutaj jedna przydzielona osoba b\u0119dzie Twoim opiekunem i znajdzie najlepsze rozwi\u0105zanie dla Ciebie.<\/li>\n<li>monitoring przesy\u0142ki. W BTB LOGISTICS b\u0119dziesz na bie\u017c\u0105co informowany o tym, gdzie jest Tw\u00f3j towar. Mo\u017cesz wybra\u0107 e-mail \/ sms.<\/li>\n<li>dzi\u0119ki nowoczesnym technologiom sieciowym jeste\u015bmy w stanie niezale\u017cnie od pory dnia sprawdzi\u0107 aktualny stan Twojej przesy\u0142ki.<\/li>\n<li>nie oczekujemy, \u017ce dostosujesz si\u0119 do nas&#8230;.to my dostosujemy si\u0119 do Ciebie. Nasz pakiet us\u0142ug b\u0119dzie dopasowany do tego jaki biznes prowadzisz. Jaki spos\u00f3b rozlicze\u0144\/ fakturowania preferujesz? Jaki rodzaj kontaktu? To wszystko dostosujemy do Twoich potrzeb.<\/li>\n<\/ul>\n<p>Na co czekasz? Skontaktuj si\u0119 z nami, aby dowiedzie\u0107 si\u0119 jakie dodatkowe korzy\u015bci uzyskasz od nas w przypadku Twoich bie\u017c\u0105cych potrzeb i sprawd\u017a ile zaoszcz\u0119dzisz ju\u017c od pierwszego transportu. Nie mo\u017cemy si\u0119 doczeka\u0107 kontaktu z Tob\u0105, zapraszamy!<\/p>\n<p><strong>e-mail: btb@btblogistics.pl<\/strong><br \/>\n<strong> tel. +48 85 850 33 01<\/strong><\/p>\n","protected":false},"excerpt":{"rendered":"<p>TRANSPORT KRAJOWY, TRANSPORT MI\u0118DZYNARODOWY W BTB LOGISTICS staramy si\u0119 by\u0107 Twoim jednym miejscem, w kt\u00f3rym zaspokoimy potrzeby organizacji przewozu. Bez wzgl\u0119du na to jaki rodzaj transportu szukasz, znajdziemy dla Ciebie najbardziej efektywny i ekonomiczny spos\u00f3b dostawy towaru dla Twojego klienta. Jeste\u015b zainteresowany(-a) us\u0142ugami BTB LOGISTICS na pr\u00f3b\u0119? Czekamy na to! Dzi\u0119ki naszemu do\u015bwiadczeniu i wiedzy &hellip; <\/p>\n<p class=\"link-more\"><a href=\"https:\/\/btblogistics.pl\/?page_id=172\" class=\"more-link\">Czytaj dalej<span class=\"screen-reader-text\"> Oferta \/ Services<\/span><\/a><\/p>\n","protected":false},"author":1,"featured_media":0,"parent":0,"menu_order":0,"comment_status":"closed","ping_status":"closed","template":"","meta":{"footnotes":""},"class_list":["post-172","page","type-page","status-publish","hentry"],"_links":{"self":[{"href":"https:\/\/btblogistics.pl\/index.php?rest_route=\/wp\/v2\/pages\/172","targetHints":{"allow":["GET"]}}],"collection":[{"href":"https:\/\/btblogistics.pl\/index.php?rest_route=\/wp\/v2\/pages"}],"about":[{"href":"https:\/\/btblogistics.pl\/index.php?rest_route=\/wp\/v2\/types\/page"}],"author":[{"embeddable":true,"href":"https:\/\/btblogistics.pl\/index.php?rest_route=\/wp\/v2\/users\/1"}],"replies":[{"embeddable":true,"href":"https:\/\/btblogistics.pl\/index.php?rest_route=%2Fwp%2Fv2%2Fcomments&post=172"}],"version-history":[{"count":8,"href":"https:\/\/btblogistics.pl\/index.php?rest_route=\/wp\/v2\/pages\/172\/revisions"}],"predecessor-version":[{"id":221,"href":"https:\/\/btblogistics.pl\/index.php?rest_route=\/wp\/v2\/pages\/172\/revisions\/221"}],"wp:attachment":[{"href":"https:\/\/btblogistics.pl\/index.php?rest_route=%2Fwp%2Fv2%2Fmedia&parent=172"}],"curies":[{"name":"wp","href":"https:\/\/api.w.org\/{rel}","templated":true}]}}