{"id":245,"date":"2018-07-20T13:31:53","date_gmt":"2018-07-20T11:31:53","guid":{"rendered":"http:\/\/btblogistics.pl\/?page_id=245"},"modified":"2018-07-20T13:36:14","modified_gmt":"2018-07-20T11:36:14","slug":"aktualnosci-news","status":"publish","type":"page","link":"https:\/\/btblogistics.pl\/?page_id=245","title":{"rendered":"Aktualno\u015bci \/ News"},"content":{"rendered":"<p>Przypominamy o wakacyjnych zakazach dla ruchu ci\u0119\u017car\u00f3wek. Obowi\u0105zuj\u0105 dla samochod\u00f3w powy\u017cej 12t dmc. Warto pami\u0119ta\u0107 podczas planowania dostaw \ud83d\ude42<br \/>\nTutaj zawsze aktualne dla Europy:<\/p>\n<p>https:\/\/etransport.pl\/zakaz_ruchu<\/p>\n<p>Jeste\u015bmy r\u00f3wnie\u017c na portalach spo\u0142eczno\u015bciowych \ud83d\ude42<br \/>\nhttps:\/\/www.facebook.com\/btblogistics\/<\/p>\n","protected":false},"excerpt":{"rendered":"<p>Przypominamy o wakacyjnych zakazach dla ruchu ci\u0119\u017car\u00f3wek. Obowi\u0105zuj\u0105 dla samochod\u00f3w powy\u017cej 12t dmc. Warto pami\u0119ta\u0107 podczas planowania dostaw \ud83d\ude42 Tutaj zawsze aktualne dla Europy: https:\/\/etransport.pl\/zakaz_ruchu Jeste\u015bmy r\u00f3wnie\u017c na portalach spo\u0142eczno\u015bciowych \ud83d\ude42 https:\/\/www.facebook.com\/btblogistics\/<\/p>\n","protected":false},"author":1,"featured_media":0,"parent":0,"menu_order":0,"comment_status":"closed","ping_status":"closed","template":"","meta":{"footnotes":""},"class_list":["post-245","page","type-page","status-publish","hentry"],"_links":{"self":[{"href":"https:\/\/btblogistics.pl\/index.php?rest_route=\/wp\/v2\/pages\/245","targetHints":{"allow":["GET"]}}],"collection":[{"href":"https:\/\/btblogistics.pl\/index.php?rest_route=\/wp\/v2\/pages"}],"about":[{"href":"https:\/\/btblogistics.pl\/index.php?rest_route=\/wp\/v2\/types\/page"}],"author":[{"embeddable":true,"href":"https:\/\/btblogistics.pl\/index.php?rest_route=\/wp\/v2\/users\/1"}],"replies":[{"embeddable":true,"href":"https:\/\/btblogistics.pl\/index.php?rest_route=%2Fwp%2Fv2%2Fcomments&post=245"}],"version-history":[{"count":2,"href":"https:\/\/btblogistics.pl\/index.php?rest_route=\/wp\/v2\/pages\/245\/revisions"}],"predecessor-version":[{"id":249,"href":"https:\/\/btblogistics.pl\/index.php?rest_route=\/wp\/v2\/pages\/245\/revisions\/249"}],"wp:attachment":[{"href":"https:\/\/btblogistics.pl\/index.php?rest_route=%2Fwp%2Fv2%2Fmedia&parent=245"}],"curies":[{"name":"wp","href":"https:\/\/api.w.org\/{rel}","templated":true}]}}